{"id":3547,"date":"2022-05-30T10:28:12","date_gmt":"2022-05-30T08:28:12","guid":{"rendered":"https:\/\/www.flexcon.it\/?page_id=3547"},"modified":"2024-12-04T15:21:31","modified_gmt":"2024-12-04T14:21:31","slug":"lavora-con-noi","status":"publish","type":"page","link":"https:\/\/www.flexcon.it\/it\/lavora-con-noi\/","title":{"rendered":"Lavora con noi"},"content":{"rendered":"<section class=\"hero hero--has-breadcrumbs\">\n    <div class=\"hero__controls\">\n        <div class=\"hero__breadcrumbs\"><ul id=\"\" class=\"breadcrumbs \"><li class=\"breadcrumbs__item\"><a href=\"https:\/\/www.flexcon.it\/it\/\" title=\"Homepage\">Homepage<\/a><\/li><li class=\"breadcrumbs__separator\"> \/ <\/li><\/ul><\/div>\n          <\/div>\n    \n  <div class=\"hero__content\">\n    \n  <\/div>\n<\/section>\n\n\n<section id=\"work-with-us\" class=\"section\">\n  <div class=\"section__content wrap\">\n    \n\n<h2 class=\"wp-block-heading\">Lavora con noi<\/h2>\n\n\n\n<div class=\"wp-block-group wide-xl\"><div class=\"wp-block-group__inner-container is-layout-flow wp-block-group-is-layout-flow\">\n<div class=\"wp-block-media-text has-media-on-the-right is-stacked-on-mobile\" style=\"grid-template-columns:auto 28%\"><div class=\"wp-block-media-text__content\">\n<p><strong>Flexcon<\/strong> fornisce servizi di sviluppo e consulenza in materia di simulazione, programmazione, ottimizzazione e gestione dei processi aziendali di produzione. In qualit\u00e0 di \u201cDistributore Flexsim\u201d e \u201cDistributore Visual Components\u201d, fornisce servizi di<strong> formazione, supporto e consulenza <\/strong>alle principali aziende italiane con un team di ingegneri specializzati nelle tecniche di modellazione e sviluppo della simulazione di processo.<\/p>\n\n\n\n<p>Cerchiamo i migliori e pi\u00f9 brillanti laureati e laureandi in ingegneria, matematica e fisica, interessati alla <strong>simulazione di processi <\/strong>produttivi, logistici e sanitari in un ambiente di lavoro a contatto con le migliori aziende italiane.<\/p>\n\n\n\n<p>Capacit\u00e0 di lavorare in team, buone doti comunicative, autonomia lavorativa e <strong>inglese e italiano fluenti<\/strong> sono requisiti obbligatori.<\/p>\n<\/div><figure class=\"wp-block-media-text__media\"><img loading=\"lazy\" decoding=\"async\" width=\"1024\" height=\"1024\" src=\"https:\/\/www.flexcon.it\/wp-content\/uploads\/2024\/09\/Annuncio-di-Lavoro-1024x1024.webp\" alt=\"lavora con noi Work with us posizioni vacanti in Flexcon per ingegneri e STEM \" class=\"wp-image-3549 size-full\" srcset=\"https:\/\/www.flexcon.it\/wp-content\/uploads\/2024\/09\/Annuncio-di-Lavoro-1024x1024.webp 1024w, https:\/\/www.flexcon.it\/wp-content\/uploads\/2024\/09\/Annuncio-di-Lavoro-300x300.webp 300w, https:\/\/www.flexcon.it\/wp-content\/uploads\/2024\/09\/Annuncio-di-Lavoro-150x150.webp 150w, https:\/\/www.flexcon.it\/wp-content\/uploads\/2024\/09\/Annuncio-di-Lavoro-768x768.webp 768w, https:\/\/www.flexcon.it\/wp-content\/uploads\/2024\/09\/Annuncio-di-Lavoro-1536x1536.webp 1536w, https:\/\/www.flexcon.it\/wp-content\/uploads\/2024\/09\/Annuncio-di-Lavoro.webp 1920w\" sizes=\"auto, (max-width: 1024px) 100vw, 1024px\" \/><\/figure><\/div>\n<\/div><\/div>\n\n\n\n<h2 class=\"wp-block-heading has-large-font-size\">Posizioni aperte presso Flexcon :<\/h2>\n\n\n\n<div class=\"wp-block-group wide-xl\"><div class=\"wp-block-group__inner-container is-layout-flow wp-block-group-is-layout-flow\"><div class=\"card-grid col-2\">\n      <div class=\"card-grid__item\">\n    <div class=\"card no-link\">\n            <div class=\"card__body\">\n        <div class=\"card__header\"><h3>Simulation Software Engineer<\/h3><\/div>\n        <div class=\"card__content last-item\"><div class=\"text\"><p><strong>Posizione:<\/strong> Ingegnere software di simulazione<\/p>\n<p><strong>Tipo di lavoro:<\/strong> Tempo pieno<\/p>\n<p><strong>Settore<\/strong>: Consulenza, Produzione<\/p>\n<p><strong>Livello di esperienza<\/strong>: Junior, Medio livello<\/p>\n<p><strong>Sede di lavoro<\/strong>: Torino, Italia<\/p>\n<p><strong>Cosa offriamo:<\/strong><\/p>\n<ul>\n<li>Lavoro a diretto contatto con le principali imprese italiane<\/li>\n<li>Un ruolo attivo in progetti innovativi e concreti in vari settori<\/li>\n<li>Alto grado di autonomia nelle decisioni tecniche<\/li>\n<li>Opportunit\u00e0 di essere innovativi e d&#8217;impatto su ampia scala<\/li>\n<li>Lavoro a distanza: 50-50% a partire da ottobre 2021, stimato &gt;30% dopo Covid<\/li>\n<li>Orari di lavoro efficienti: crediamo in una settimana lavorativa di 38 ore<\/li>\n<li>Stipendio competitivo<\/li>\n<li>Computer portatile aziendale<\/li>\n<li>Buono pasto e rimborso telefonico<\/li>\n<\/ul>\n<p><strong>Cosa farete<\/strong><\/p>\n<p>Farete parte del team che sviluppa, distribuisce e mantiene soluzioni di simulazione personalizzate, librerie ed estensioni per FlexSim e Visual Components. Dovrete diventare esperti nella simulazione dei processi e comprendere a fondo il settore di attivit\u00e0 dei nostri clienti. Allo stesso tempo, lavorerete per migliorare gli strumenti di modellazione, la loro usabilit\u00e0, le prestazioni e l&#8217;affidabilit\u00e0. Cerchiamo di prototipare e iterare rapidamente le nostre soluzioni, per poi automatizzarle dove possibile. La maggior parte del lavoro si svolge nella sede di Torino. Dopo Covid, saranno necessari occasionali incontri faccia a faccia con i clienti.<\/p>\n<p><strong>Requisiti<\/strong><\/p>\n<ul>\n<li>Laurea Magistrale o Dottorato in materie STEM (Scienza\/Tecnologia\/Ingegneria\/Matematica)<\/li>\n<li>Esperienza con il linguaggio di programmazione C++<\/li>\n<li>Esperienza con qualsiasi linguaggio di scripting (Python, Javascript, Lua, R)<\/li>\n<li>Esperienza in modellazione matematica e simulazione<\/li>\n<li>Fluidit\u00e0 in inglese e italiano<\/li>\n<li>Patente di guida<\/li>\n<\/ul>\n<p><strong>Requisiti preferenziali<\/strong><\/p>\n<ul>\n<li>Spiccate capacit\u00e0 analitiche e di problem solving<\/li>\n<li>Conoscenza di base della gestione dei processi aziendali<\/li>\n<li>Conoscenze di base di statistica ed esperienza nell&#8217;analisi dei dati, DB relazionali (SQL), ML, BI<\/li>\n<li>Controllo di versione: git<\/li>\n<li>Integrazione continua: Jenkins, Azure DevOps Pipelines<\/li>\n<li>Automazione: Powershell<\/li>\n<\/ul>\n<\/div><\/div>\n            <\/div>\n<\/div>  <\/div>\n      <div class=\"card-grid__item\">\n    <div class=\"card no-link\">\n            <div class=\"card__body\">\n        <div class=\"card__header\"><h3>Modeling &amp; Simulation Analyst<\/h3><\/div>\n        <div class=\"card__content last-item\"><div class=\"text\"><p><strong>Posizione:<\/strong> Analista di modellazione e simulazione<\/p>\n<p><strong>Tipo di lavoro:<\/strong> Tempo pieno<\/p>\n<p><strong>Settore<\/strong>: Consulenza, Produzione<\/p>\n<p><strong>Livello di esperienza<\/strong>: Junior, Medio livello<\/p>\n<p><strong>Sede di lavoro<\/strong>: Torino, Italia<\/p>\n<p><strong>Cosa offriamo:<\/strong><\/p>\n<ul>\n<li>Lavoro a diretto contatto con le principali imprese italiane<\/li>\n<li>Un ruolo attivo in progetti innovativi e concreti in vari settori<\/li>\n<li>Alto grado di autonomia nelle decisioni tecniche<\/li>\n<li>Opportunit\u00e0 di essere innovativi e d&#8217;impatto su ampia scala<\/li>\n<li>Lavoro a distanza: 50-50% a partire da ottobre 2021, stimato &gt;30% dopo Covid<\/li>\n<li>Orari di lavoro efficienti: crediamo in una settimana lavorativa di 38 ore<\/li>\n<li>Stipendio competitivo<\/li>\n<li>Computer portatile aziendale<\/li>\n<li>Buono pasto e rimborso telefonico<\/li>\n<\/ul>\n<p><strong>Cosa farete<\/strong><\/p>\n<p>Dovrete diventare un utente esperto di FlexSim e\/o Visual Components e la vostra responsabilit\u00e0 finale sar\u00e0 quella di portare i progetti di simulazione da 0 a 100, dall&#8217;idea iniziale a un modello funzionante e corretto. Dovrete identificare e scomporre i requisiti aziendali e degli utenti di alto livello in requisiti funzionali, supervisionare la raccolta e la pulizia dei dati, iterare rapidamente i possibili approcci di modellazione, comunicare con tutti gli stakeholder del progetto, implementare i modelli di simulazione e convalidare i risultati della simulazione.<\/p>\n<p><strong>Requisiti<\/strong><\/p>\n<ul>\n<li>Laurea Magistrale o Dottorato in materie STEM (Scienza\/Tecnologia\/Ingegneria\/Matematica)<\/li>\n<li>Esperienza in modellazione matematica e simulazione<\/li>\n<li>Conoscenze di base di statistica<\/li>\n<li>Fluidit\u00e0 in inglese e italiano<\/li>\n<li>Patente di guida<\/li>\n<\/ul>\n<p><strong>Requisiti preferenziali<\/strong><\/p>\n<ul>\n<li>Spiccate capacit\u00e0 di esposizione scritta e orale<\/li>\n<li>Spiccate capacit\u00e0 analitiche e di problem solving<\/li>\n<li>Desiderio di lavorare in un ambiente client-focused e service-oriented<\/li>\n<li>Conoscenza di base della gestione dei processi aziendali<\/li>\n<li>Esperienza con qualsiasi linguaggio di scripting (Python, ECMA, Lua, R)<\/li>\n<li>Esperienza nell&#8217;analisi dei dati, DB relazionali (SQL), ML, BI<\/li>\n<li>Controllo delle versioni: git<\/li>\n<li>Paradigma di sviluppo: Agile<\/li>\n<\/ul>\n<\/div><\/div>\n            <\/div>\n<\/div>  <\/div>\n  <\/div>\n\n<\/div><\/div>\n\n\n\n<div class=\"wp-block-group wide-xl\"><div class=\"wp-block-group__inner-container is-layout-flow wp-block-group-is-layout-flow\">\n<p>Consideriamo anche candidature di laureandi per i quali \u00e8 prevista la possibilit\u00e0 di tesi\/tirocinio.<\/p>\n\n\n\n<p>I candidati in possesso di questi requisiti possono inviare un Curriculum Vitae a <a href=\"mailto:jobs@flexcon.it\"><strong>jobs@flexcon.it<\/strong><\/a>, specificando le esperienze lavorative e universitarie.<\/p>\n<\/div><\/div>\n\n\n\n<div class=\"wp-block-group wide-xl\"><div class=\"wp-block-group__inner-container is-layout-flow wp-block-group-is-layout-flow\">\n<h2 class=\"wp-block-heading has-medium-font-size\"><strong>Flexcon s.r.l.<\/strong><\/h2>\n\n\n\n<p>Flexcon si occupa di servizi di consulenza in materia di simulazione, programmazione, ottimizzazione e gestione dei processi produttivi. \u00c8 \u201cFlexsim Distributor\u201d e \u201cVisualComponents VAR\u201d, fornisce servizi di formazione, supporto e consulenza alle principali aziende italiane. Il nostro team di ingegneri \u00e8 specializzato nella modellazione di processi di simulazione e nello sviluppo di software.<\/p>\n\n\n\n<p><\/p>\n<\/div><\/div>\n\n\n  <\/div>\n<\/section>\n","protected":false},"excerpt":{"rendered":"","protected":false},"author":7,"featured_media":0,"parent":0,"menu_order":0,"comment_status":"closed","ping_status":"closed","template":"","meta":{"_acf_changed":false,"om_disable_all_campaigns":false,"inline_featured_image":false,"_monsterinsights_skip_tracking":false,"_monsterinsights_sitenote_active":false,"_monsterinsights_sitenote_note":"","_monsterinsights_sitenote_category":0,"footnotes":""},"class_list":["post-3547","page","type-page","status-publish","hentry"],"acf":[],"yoast_head":"<!-- This site is optimized with the Yoast SEO plugin v27.4 - https:\/\/yoast.com\/product\/yoast-seo-wordpress\/ -->\n<title>Lavora con noi - Flexcon<\/title>\n<meta name=\"description\" content=\"Lavora con noi: le posizioni aperte in Flexcon Srl, contattaci per maggiori informazioni. Puoi inviare la tua candidatura a info@flexcon.it\" \/>\n<meta name=\"robots\" content=\"index, follow, max-snippet:-1, max-image-preview:large, max-video-preview:-1\" \/>\n<link rel=\"canonical\" href=\"https:\/\/www.flexcon.it\/it\/lavora-con-noi\/\" \/>\n<meta property=\"og:locale\" content=\"it_IT\" \/>\n<meta property=\"og:type\" content=\"article\" \/>\n<meta property=\"og:title\" content=\"Lavora con noi - Flexcon\" \/>\n<meta property=\"og:description\" content=\"Lavora con noi: le posizioni aperte in Flexcon Srl, contattaci per maggiori informazioni. Puoi inviare la tua candidatura a info@flexcon.it\" \/>\n<meta property=\"og:url\" content=\"https:\/\/www.flexcon.it\/it\/lavora-con-noi\/\" \/>\n<meta property=\"og:site_name\" content=\"Flexcon\" \/>\n<meta property=\"article:modified_time\" content=\"2024-12-04T14:21:31+00:00\" \/>\n<meta property=\"og:image\" content=\"https:\/\/www.flexcon.it\/wp-content\/uploads\/2024\/09\/Annuncio-di-Lavoro.webp\" \/>\n\t<meta property=\"og:image:width\" content=\"1920\" \/>\n\t<meta property=\"og:image:height\" content=\"1920\" \/>\n\t<meta property=\"og:image:type\" content=\"image\/webp\" \/>\n<meta name=\"twitter:card\" content=\"summary_large_image\" \/>\n<meta name=\"twitter:label1\" content=\"Est. reading time\" \/>\n\t<meta name=\"twitter:data1\" content=\"2 minutes\" \/>\n<script type=\"application\/ld+json\" class=\"yoast-schema-graph\">{\"@context\":\"https:\\\/\\\/schema.org\",\"@graph\":[{\"@type\":\"WebPage\",\"@id\":\"https:\\\/\\\/www.flexcon.it\\\/it\\\/lavora-con-noi\\\/\",\"url\":\"https:\\\/\\\/www.flexcon.it\\\/it\\\/lavora-con-noi\\\/\",\"name\":\"Lavora con noi - Flexcon\",\"isPartOf\":{\"@id\":\"https:\\\/\\\/www.flexcon.it\\\/it\\\/#website\"},\"primaryImageOfPage\":{\"@id\":\"https:\\\/\\\/www.flexcon.it\\\/it\\\/lavora-con-noi\\\/#primaryimage\"},\"image\":{\"@id\":\"https:\\\/\\\/www.flexcon.it\\\/it\\\/lavora-con-noi\\\/#primaryimage\"},\"thumbnailUrl\":\"https:\\\/\\\/www.flexcon.it\\\/wp-content\\\/uploads\\\/2024\\\/09\\\/Annuncio-di-Lavoro-1024x1024.webp\",\"datePublished\":\"2022-05-30T08:28:12+00:00\",\"dateModified\":\"2024-12-04T14:21:31+00:00\",\"description\":\"Lavora con noi: le posizioni aperte in Flexcon Srl, contattaci per maggiori informazioni. Puoi inviare la tua candidatura a info@flexcon.it\",\"breadcrumb\":{\"@id\":\"https:\\\/\\\/www.flexcon.it\\\/it\\\/lavora-con-noi\\\/#breadcrumb\"},\"inLanguage\":\"it\",\"potentialAction\":[{\"@type\":\"ReadAction\",\"target\":[\"https:\\\/\\\/www.flexcon.it\\\/it\\\/lavora-con-noi\\\/\"]}]},{\"@type\":\"ImageObject\",\"inLanguage\":\"it\",\"@id\":\"https:\\\/\\\/www.flexcon.it\\\/it\\\/lavora-con-noi\\\/#primaryimage\",\"url\":\"https:\\\/\\\/www.flexcon.it\\\/wp-content\\\/uploads\\\/2024\\\/09\\\/Annuncio-di-Lavoro-1024x1024.webp\",\"contentUrl\":\"https:\\\/\\\/www.flexcon.it\\\/wp-content\\\/uploads\\\/2024\\\/09\\\/Annuncio-di-Lavoro-1024x1024.webp\"},{\"@type\":\"BreadcrumbList\",\"@id\":\"https:\\\/\\\/www.flexcon.it\\\/it\\\/lavora-con-noi\\\/#breadcrumb\",\"itemListElement\":[{\"@type\":\"ListItem\",\"position\":1,\"name\":\"Home\",\"item\":\"https:\\\/\\\/www.flexcon.it\\\/it\\\/\"},{\"@type\":\"ListItem\",\"position\":2,\"name\":\"Lavora con noi\"}]},{\"@type\":\"WebSite\",\"@id\":\"https:\\\/\\\/www.flexcon.it\\\/it\\\/#website\",\"url\":\"https:\\\/\\\/www.flexcon.it\\\/it\\\/\",\"name\":\"Flexcon\",\"description\":\"\",\"publisher\":{\"@id\":\"https:\\\/\\\/www.flexcon.it\\\/it\\\/#organization\"},\"potentialAction\":[{\"@type\":\"SearchAction\",\"target\":{\"@type\":\"EntryPoint\",\"urlTemplate\":\"https:\\\/\\\/www.flexcon.it\\\/it\\\/?s={search_term_string}\"},\"query-input\":{\"@type\":\"PropertyValueSpecification\",\"valueRequired\":true,\"valueName\":\"search_term_string\"}}],\"inLanguage\":\"it\"},{\"@type\":\"Organization\",\"@id\":\"https:\\\/\\\/www.flexcon.it\\\/it\\\/#organization\",\"name\":\"Flexcon\",\"url\":\"https:\\\/\\\/www.flexcon.it\\\/it\\\/\",\"logo\":{\"@type\":\"ImageObject\",\"inLanguage\":\"it\",\"@id\":\"https:\\\/\\\/www.flexcon.it\\\/it\\\/#\\\/schema\\\/logo\\\/image\\\/\",\"url\":\"https:\\\/\\\/www.flexcon.it\\\/wp-content\\\/uploads\\\/2024\\\/03\\\/logo_flexcon.png\",\"contentUrl\":\"https:\\\/\\\/www.flexcon.it\\\/wp-content\\\/uploads\\\/2024\\\/03\\\/logo_flexcon.png\",\"width\":1408,\"height\":511,\"caption\":\"Flexcon\"},\"image\":{\"@id\":\"https:\\\/\\\/www.flexcon.it\\\/it\\\/#\\\/schema\\\/logo\\\/image\\\/\"},\"sameAs\":[\"https:\\\/\\\/www.linkedin.com\\\/company\\\/flexcon-srl\\\/\",\"https:\\\/\\\/www.youtube.com\\\/@flexcon-srl\"]}]}<\/script>\n<!-- \/ Yoast SEO plugin. -->","yoast_head_json":{"title":"Lavora con noi - Flexcon","description":"Lavora con noi: le posizioni aperte in Flexcon Srl, contattaci per maggiori informazioni. Puoi inviare la tua candidatura a info@flexcon.it","robots":{"index":"index","follow":"follow","max-snippet":"max-snippet:-1","max-image-preview":"max-image-preview:large","max-video-preview":"max-video-preview:-1"},"canonical":"https:\/\/www.flexcon.it\/it\/lavora-con-noi\/","og_locale":"it_IT","og_type":"article","og_title":"Lavora con noi - Flexcon","og_description":"Lavora con noi: le posizioni aperte in Flexcon Srl, contattaci per maggiori informazioni. Puoi inviare la tua candidatura a info@flexcon.it","og_url":"https:\/\/www.flexcon.it\/it\/lavora-con-noi\/","og_site_name":"Flexcon","article_modified_time":"2024-12-04T14:21:31+00:00","og_image":[{"width":1920,"height":1920,"url":"https:\/\/www.flexcon.it\/wp-content\/uploads\/2024\/09\/Annuncio-di-Lavoro.webp","type":"image\/webp"}],"twitter_card":"summary_large_image","twitter_misc":{"Est. reading time":"2 minutes"},"schema":{"@context":"https:\/\/schema.org","@graph":[{"@type":"WebPage","@id":"https:\/\/www.flexcon.it\/it\/lavora-con-noi\/","url":"https:\/\/www.flexcon.it\/it\/lavora-con-noi\/","name":"Lavora con noi - Flexcon","isPartOf":{"@id":"https:\/\/www.flexcon.it\/it\/#website"},"primaryImageOfPage":{"@id":"https:\/\/www.flexcon.it\/it\/lavora-con-noi\/#primaryimage"},"image":{"@id":"https:\/\/www.flexcon.it\/it\/lavora-con-noi\/#primaryimage"},"thumbnailUrl":"https:\/\/www.flexcon.it\/wp-content\/uploads\/2024\/09\/Annuncio-di-Lavoro-1024x1024.webp","datePublished":"2022-05-30T08:28:12+00:00","dateModified":"2024-12-04T14:21:31+00:00","description":"Lavora con noi: le posizioni aperte in Flexcon Srl, contattaci per maggiori informazioni. Puoi inviare la tua candidatura a info@flexcon.it","breadcrumb":{"@id":"https:\/\/www.flexcon.it\/it\/lavora-con-noi\/#breadcrumb"},"inLanguage":"it","potentialAction":[{"@type":"ReadAction","target":["https:\/\/www.flexcon.it\/it\/lavora-con-noi\/"]}]},{"@type":"ImageObject","inLanguage":"it","@id":"https:\/\/www.flexcon.it\/it\/lavora-con-noi\/#primaryimage","url":"https:\/\/www.flexcon.it\/wp-content\/uploads\/2024\/09\/Annuncio-di-Lavoro-1024x1024.webp","contentUrl":"https:\/\/www.flexcon.it\/wp-content\/uploads\/2024\/09\/Annuncio-di-Lavoro-1024x1024.webp"},{"@type":"BreadcrumbList","@id":"https:\/\/www.flexcon.it\/it\/lavora-con-noi\/#breadcrumb","itemListElement":[{"@type":"ListItem","position":1,"name":"Home","item":"https:\/\/www.flexcon.it\/it\/"},{"@type":"ListItem","position":2,"name":"Lavora con noi"}]},{"@type":"WebSite","@id":"https:\/\/www.flexcon.it\/it\/#website","url":"https:\/\/www.flexcon.it\/it\/","name":"Flexcon","description":"","publisher":{"@id":"https:\/\/www.flexcon.it\/it\/#organization"},"potentialAction":[{"@type":"SearchAction","target":{"@type":"EntryPoint","urlTemplate":"https:\/\/www.flexcon.it\/it\/?s={search_term_string}"},"query-input":{"@type":"PropertyValueSpecification","valueRequired":true,"valueName":"search_term_string"}}],"inLanguage":"it"},{"@type":"Organization","@id":"https:\/\/www.flexcon.it\/it\/#organization","name":"Flexcon","url":"https:\/\/www.flexcon.it\/it\/","logo":{"@type":"ImageObject","inLanguage":"it","@id":"https:\/\/www.flexcon.it\/it\/#\/schema\/logo\/image\/","url":"https:\/\/www.flexcon.it\/wp-content\/uploads\/2024\/03\/logo_flexcon.png","contentUrl":"https:\/\/www.flexcon.it\/wp-content\/uploads\/2024\/03\/logo_flexcon.png","width":1408,"height":511,"caption":"Flexcon"},"image":{"@id":"https:\/\/www.flexcon.it\/it\/#\/schema\/logo\/image\/"},"sameAs":["https:\/\/www.linkedin.com\/company\/flexcon-srl\/","https:\/\/www.youtube.com\/@flexcon-srl"]}]}},"_links":{"self":[{"href":"https:\/\/www.flexcon.it\/it\/wp-json\/wp\/v2\/pages\/3547","targetHints":{"allow":["GET"]}}],"collection":[{"href":"https:\/\/www.flexcon.it\/it\/wp-json\/wp\/v2\/pages"}],"about":[{"href":"https:\/\/www.flexcon.it\/it\/wp-json\/wp\/v2\/types\/page"}],"author":[{"embeddable":true,"href":"https:\/\/www.flexcon.it\/it\/wp-json\/wp\/v2\/users\/7"}],"replies":[{"embeddable":true,"href":"https:\/\/www.flexcon.it\/it\/wp-json\/wp\/v2\/comments?post=3547"}],"version-history":[{"count":0,"href":"https:\/\/www.flexcon.it\/it\/wp-json\/wp\/v2\/pages\/3547\/revisions"}],"wp:attachment":[{"href":"https:\/\/www.flexcon.it\/it\/wp-json\/wp\/v2\/media?parent=3547"}],"curies":[{"name":"wp","href":"https:\/\/api.w.org\/{rel}","templated":true}]}}