{"id":34640,"date":"2026-02-04T23:59:59","date_gmt":"2026-02-04T22:59:59","guid":{"rendered":"https:\/\/www.flexcon.it\/?post_type=product&#038;p=34640"},"modified":"2026-02-27T16:04:27","modified_gmt":"2026-02-27T15:04:27","slug":"flexcon-helios-simulazione-energetica","status":"publish","type":"product","link":"https:\/\/www.flexcon.it\/it\/prodotti\/flexcon-helios-simulazione-energetica\/","title":{"rendered":"Flexcon Helios"},"content":{"rendered":"<section class=\"hero hero--has-breadcrumbs\">\n    <div class=\"hero__controls\">\n        <div class=\"hero__breadcrumbs\"><ul id=\"\" class=\"breadcrumbs \"><li class=\"breadcrumbs__item\"><a href=\"https:\/\/www.flexcon.it\/it\/\" title=\"Homepage\">Homepage<\/a><\/li><li class=\"breadcrumbs__separator\"> \/ <\/li><\/ul><\/div>\n          <\/div>\n    \n  <div class=\"hero__content\">\n    \n  <\/div>\n<\/section>\n\n\n<div style=\"\" class=\"swiper slider slider--images slider--shuffled slider--autoplay \"  data-speed=\"3\">\n    <div class=\"swiper-wrapper\">\n        <div class=\"swiper-slide\">\n      <picture>\n                <img decoding=\"async\" src=\"https:\/\/www.flexcon.it\/wp-content\/uploads\/2025\/10\/Helios1.gif\" alt=\"\" \/>\n      <\/picture>\n    <\/div>\n                  <div class=\"swiper-slide\">\n      <picture>\n                <img decoding=\"async\" src=\"https:\/\/www.flexcon.it\/wp-content\/uploads\/2025\/10\/Helios2.gif\" alt=\"\" \/>\n      <\/picture>\n    <\/div>\n                  <div class=\"swiper-slide\">\n      <picture>\n                <img decoding=\"async\" src=\"https:\/\/www.flexcon.it\/wp-content\/uploads\/2025\/10\/Helios4.gif\" alt=\"analyze energy consumption, costs, and indirect CO\u2082 emissions within FlexSim models. Helios supports scenario-based evaluation of energy sources and operational strategies for more sustainable industrial systems.\" \/>\n      <\/picture>\n    <\/div>\n    <\/div>\n        <div class=\"swiper-controls bullets\">\n                <div class=\"swiper-pagination\" data-pagination-type=\"bullets\"><\/div>\n            <\/div>\n        <\/div>\n\n<section  class=\"section\">\n  <div class=\"section__content wrap\">\n    \n\n<h1 class=\"wp-block-heading\">Flexcon Helios<\/h1>\n\n\n\n<div class=\"wp-block-group wide-xl\"><div class=\"wp-block-group__inner-container is-layout-flow wp-block-group-is-layout-flow\">\n<p><strong>Flexcon Helios<\/strong> \u00e8 un modulo avanzato di simulazione sviluppato da Flexcon per analizzare <strong>l&#8217;uso dell&#8217;energia<\/strong>, i <strong>costi<\/strong> associati ai consumi energetici e le <strong>emissioni indirette di carbonio<\/strong> all\u2019interno di modelli <a href=\"https:\/\/www.flexcon.it\/it\/prodotti\/flexsim\/\" target=\"_blank\" rel=\"noreferrer noopener\">FlexSim<\/a>. Supporta i professionisti dei settori industriale, logistico e della <strong><em><a href=\"https:\/\/www.flexcon.it\/it\/applicazioni\/sostenibilita\/\" target=\"_blank\" rel=\"noreferrer noopener\">sostenibilit\u00e0 <\/a><\/em><\/strong>nell\u2019analisi della distribuzione e dell\u2019impiego dell\u2019energia. Il modulo permette inoltre di valutare gli indicatori di prestazione all\u2019interno di sistemi industriali complessi.<\/p>\n\n\n\n<p>Integrando la simulazione 3D ad eventi discreti di <strong><a href=\"https:\/\/www.flexcon.it\/it\/prodotti\/flexsim\/\" target=\"_blank\" rel=\"noreferrer noopener\">FlexSim<\/a> <\/strong>con dati energetici contestualizzati e time-sensitive, Flexcon Helios fornisce una rappresentazione accurata di <strong>dove<\/strong>, <strong>quando<\/strong> e <strong>in quale misura <\/strong>l\u2019energia viene utilizzata nei processi operativi, consentendo decisioni pi\u00f9 sostenibili e basate su dati oggettivi.<br><br><\/p>\n\n\n\n<hr class=\"wp-block-separator has-alpha-channel-opacity\"\/>\n\n\n\n<h2 class=\"wp-block-heading has-medium-font-size\">Simulazione dell&#8217;utilizzo dell&#8217;energia per una produzione industriale sostenibile<\/h2>\n\n\n\n<figure class=\"wp-block-image alignwide size-full\"><img loading=\"lazy\" decoding=\"async\" width=\"1280\" height=\"720\" src=\"https:\/\/www.flexcon.it\/wp-content\/uploads\/2025\/10\/FlexconHelios-workflow.jpg\" alt=\"\" class=\"wp-image-34597\" srcset=\"https:\/\/www.flexcon.it\/wp-content\/uploads\/2025\/10\/FlexconHelios-workflow.jpg 1280w, https:\/\/www.flexcon.it\/wp-content\/uploads\/2025\/10\/FlexconHelios-workflow-300x169.jpg 300w, https:\/\/www.flexcon.it\/wp-content\/uploads\/2025\/10\/FlexconHelios-workflow-1024x576.jpg 1024w, https:\/\/www.flexcon.it\/wp-content\/uploads\/2025\/10\/FlexconHelios-workflow-768x432.jpg 768w\" sizes=\"auto, (max-width: 1280px) 100vw, 1280px\" \/><\/figure>\n\n\n\n<p><strong>Flexcon Helios consente analisi energetiche basate su scenari<\/strong> per processi produttivi e impiantistici.<br>Il sistema considera variabili dinamiche come:<\/p>\n\n\n\n<ul class=\"wp-block-list\">\n<li><strong>disponibilit\u00e0 delle fonti<\/strong> energetiche e <strong>fluttuazioni dei costi<\/strong>,<\/li>\n\n\n\n<li><strong>variazioni dell\u2019intensit\u00e0<\/strong> delle emissioni,<\/li>\n\n\n\n<li><strong>distribuzione del carico<\/strong> tra diverse sorgenti energetiche.<\/li>\n<\/ul>\n\n\n\n<p>Gli utenti possono valutare come i consumi energetici cambiano in funzione dei <strong>tempi operativi<\/strong>, della <strong>configurazione <\/strong>del layout e dei <strong>pattern di utilizzo<\/strong>. Questa analisi supporta una pianificazione e un\u2019ottimizzazione realmente energy-aware.<\/p>\n\n\n\n<h3 class=\"wp-block-heading\">Integrazione nativa con la logica e gli oggetti di FlexSim<\/h3>\n\n\n\n<p><strong>Flexcon Helios<\/strong> opera direttamente all\u2019interno dell\u2019<strong><a href=\"https:\/\/www.flexcon.it\/it\/prodotti\/flexsim\/\" target=\"_blank\" rel=\"noreferrer noopener\">ambiente di simulazione FlexSim<\/a><\/strong>, supportando sia modelli di nuova creazione sia modelli gi\u00e0 esistenti.<\/p>\n\n\n\n<p>\u00c8 possibile configurare qualsiasi oggetto FlexSim come consumatore di energia, definendo il relativo assorbimento in base allo stato e al carico operativo.<\/p>\n\n\n<div class=\"wp-block-image\">\n<figure class=\"aligncenter size-full\"><img loading=\"lazy\" decoding=\"async\" width=\"642\" height=\"318\" src=\"https:\/\/www.flexcon.it\/wp-content\/uploads\/2025\/10\/state-based-energy-consumption-flexsim-helios-1.webp\" alt=\"\" class=\"wp-image-34578\" srcset=\"https:\/\/www.flexcon.it\/wp-content\/uploads\/2025\/10\/state-based-energy-consumption-flexsim-helios-1.webp 642w, https:\/\/www.flexcon.it\/wp-content\/uploads\/2025\/10\/state-based-energy-consumption-flexsim-helios-1-300x149.webp 300w\" sizes=\"auto, (max-width: 642px) 100vw, 642px\" \/><figcaption class=\"wp-element-caption\">Il consumo energetico viene calcolato in base agli stati operativi della macchina, ciascuno dei quali definisce un tasso di assorbimento costante nel tempo.<\/figcaption><\/figure>\n<\/div>\n\n<div class=\"card-grid col-2\">\n      <div class=\"card-grid__item\">\n    <div class=\"card no-link\">\n            <div class=\"card__body\">\n        <div class=\"card__header\"><h3>Strumenti di configurazione<\/h3><\/div>\n        <div class=\"card__content last-item\"><div class=\"text\"><ul>\n<li data-start=\"141\" data-end=\"180\">\n<p data-start=\"143\" data-end=\"180\"><strong data-start=\"143\" data-end=\"178\">Policy di utilizzo dell\u2019energia<\/strong><\/p>\n<\/li>\n<li data-start=\"181\" data-end=\"257\">\n<p data-start=\"183\" data-end=\"257\"><strong data-start=\"183\" data-end=\"203\">Tassi di consumo<\/strong> (basati sugli stati operativi o su valori baseline)<\/p>\n<\/li>\n<li data-start=\"258\" data-end=\"327\">\n<p data-start=\"260\" data-end=\"327\"><strong data-start=\"260\" data-end=\"301\">Disponibilit\u00e0 delle fonti energetiche<\/strong> e <strong data-start=\"304\" data-end=\"327\">logiche di dispatch<\/strong><\/p>\n<\/li>\n<\/ul>\n<\/div><\/div>\n            <\/div>\n<\/div>  <\/div>\n      <div class=\"card-grid__item\">\n    <div class=\"card no-link\">\n            <div class=\"card__body\">\n        <div class=\"card__header\"><h3>Risultati della simulazione<\/h3><\/div>\n        <div class=\"card__content last-item\"><div class=\"text\"><ul>\n<li data-start=\"383\" data-end=\"423\">\n<p data-start=\"385\" data-end=\"423\"><strong data-start=\"385\" data-end=\"421\">Metriche di efficienza dei costi<\/strong><\/p>\n<\/li>\n<li data-start=\"424\" data-end=\"450\">\n<p data-start=\"426\" data-end=\"450\"><strong data-start=\"426\" data-end=\"448\">Consumo energetico<\/strong><\/p>\n<\/li>\n<li data-start=\"451\" data-end=\"480\">\n<p data-start=\"453\" data-end=\"480\"><strong data-start=\"453\" data-end=\"478\">Fabbisogno di potenza<\/strong><\/p>\n<\/li>\n<li data-start=\"481\" data-end=\"513\">\n<p data-start=\"483\" data-end=\"513\"><strong data-start=\"483\" data-end=\"513\">Emissioni indirette di CO\u2082<\/strong><\/p>\n<\/li>\n<\/ul>\n<\/div><\/div>\n            <\/div>\n<\/div>  <\/div>\n  <\/div>\n\n\n\n\n\n\n<hr class=\"wp-block-separator has-alpha-channel-opacity\"\/>\n\n\n\n<hr class=\"wp-block-separator has-alpha-channel-opacity\"\/>\n\n\n\n<h3 class=\"wp-block-heading\">Modellazione dinamica delle fonti energetiche<\/h3>\n\n\n\n<div class=\"wp-block-media-text has-media-on-the-right is-stacked-on-mobile\" style=\"grid-template-columns:auto 40%\"><div class=\"wp-block-media-text__content\">\n<p>lexcon Helios modella le fonti energetiche con un comportamento realistico e sensibile al fattore tempo, supportando sia generazioni costanti sia variabili, incluse disponibilit\u00e0 pianificate o di natura stocastica.<br>Il sistema pu\u00f2 rappresentare un mix di fonti rinnovabili e convenzionali, regolando dinamicamente la disponibilit\u00e0 energetica e l\u2019impronta carbonica mediante dati esterni provenienti da ENTSO-E, PVGIS o API personalizzate.<br><br>Questo consente una pianificazione e una simulazione accurate di sistemi energetici resilienti e sostenibili, aderenti alle condizioni operative reali.<\/p>\n<\/div><figure class=\"wp-block-media-text__media\"><img loading=\"lazy\" decoding=\"async\" width=\"1024\" height=\"768\" src=\"https:\/\/www.flexcon.it\/wp-content\/uploads\/2025\/10\/energy-source-configuration-flexsim-helios-1024x768.webp\" alt=\"Configuration of scheduled and stochastic energy sources in FlexSim using Helios, including carbon intensity and cost data.\" class=\"wp-image-34576 size-full\" srcset=\"https:\/\/www.flexcon.it\/wp-content\/uploads\/2025\/10\/energy-source-configuration-flexsim-helios-1024x768.webp 1024w, https:\/\/www.flexcon.it\/wp-content\/uploads\/2025\/10\/energy-source-configuration-flexsim-helios-300x225.webp 300w, https:\/\/www.flexcon.it\/wp-content\/uploads\/2025\/10\/energy-source-configuration-flexsim-helios-768x576.webp 768w, https:\/\/www.flexcon.it\/wp-content\/uploads\/2025\/10\/energy-source-configuration-flexsim-helios.webp 1200w\" sizes=\"auto, (max-width: 1024px) 100vw, 1024px\" \/><\/figure><\/div>\n\n\n\n<h2 class=\"wp-block-heading has-medium-font-size\">Supporto decisionale per l\u2019efficienza energetica<\/h2>\n\n\n\n<figure class=\"wp-block-image alignwide size-full\"><img loading=\"lazy\" decoding=\"async\" width=\"1280\" height=\"720\" src=\"https:\/\/www.flexcon.it\/wp-content\/uploads\/2025\/10\/schedule-optimization-flexsim-helios-model.png\" alt=\"FlexSim model used in energy optimization scenario to evaluate production scheduling strategies with Helios.\" class=\"wp-image-34574\" srcset=\"https:\/\/www.flexcon.it\/wp-content\/uploads\/2025\/10\/schedule-optimization-flexsim-helios-model.png 1280w, https:\/\/www.flexcon.it\/wp-content\/uploads\/2025\/10\/schedule-optimization-flexsim-helios-model-300x169.png 300w, https:\/\/www.flexcon.it\/wp-content\/uploads\/2025\/10\/schedule-optimization-flexsim-helios-model-1024x576.png 1024w, https:\/\/www.flexcon.it\/wp-content\/uploads\/2025\/10\/schedule-optimization-flexsim-helios-model-768x432.png 768w\" sizes=\"auto, (max-width: 1280px) 100vw, 1280px\" \/><\/figure>\n\n\n\n<p>Analizzando le dinamiche d&#8217;uso dell&#8217;energia nel tempo,<strong> Flexcon Helios<\/strong> consente di:<\/p>\n\n\n\n<ul class=\"wp-block-list\">\n<li>identificare le <strong>fasi di processo a maggiore intensit\u00e0<\/strong><\/li>\n\n\n\n<li><strong>ridurre i tempi<\/strong> di utilizzo in stati non produttivi o ad alto consumo<\/li>\n\n\n\n<li>ottimizzare il <strong>dimensionamento<\/strong> dei componenti e delle infrastrutture elettriche<\/li>\n\n\n\n<li>valutare <strong>costi operativi<\/strong> e <strong>impatti ambientali<\/strong><\/li>\n\n\n\n<li>confrontare scenari alternativi per individuare il <strong>trade-off ottimale CAPEX\/OPEX<\/strong> <\/li>\n<\/ul>\n\n\n\n<p>L\u2019analisi mette in relazione le prestazioni energetiche con la produttivit\u00e0 complessiva del sistema, garantendo una visione olistica e rilevante dal punto di vista operativo.<\/p>\n\n\n\n<div class=\"wp-block-columns is-layout-flex wp-container-core-columns-is-layout-9d6595d7 wp-block-columns-is-layout-flex\">\n<div class=\"wp-block-column is-layout-flow wp-block-column-is-layout-flow\">\n<figure class=\"wp-block-video\"><video height=\"1080\" style=\"aspect-ratio: 1920 \/ 1080;\" width=\"1920\" autoplay controls muted src=\"https:\/\/www.flexcon.it\/wp-content\/uploads\/2025\/10\/Scenario-A-\u2013-Standard-Production-Schedule.webm\" playsinline><\/video><figcaption class=\"wp-element-caption\"><em>Simulazione dei consumi energetici in condizioni operative standard.<\/em><\/figcaption><\/figure>\n<\/div>\n\n\n\n<div class=\"wp-block-column is-layout-flow wp-block-column-is-layout-flow\">\n<figure class=\"wp-block-video\"><video height=\"1080\" style=\"aspect-ratio: 1920 \/ 1080;\" width=\"1920\" autoplay controls muted src=\"https:\/\/www.flexcon.it\/wp-content\/uploads\/2025\/10\/Scenario-B-\u2013-Optimized-Energy-Aware-Scheduling.webm\" playsinline><\/video><figcaption class=\"wp-element-caption\"><em>Scenario alternativo con prestazioni energetiche ottimizzate.<\/em><\/figcaption><\/figure>\n<\/div>\n<\/div>\n\n\n\n<h3 class=\"wp-block-heading\">Manutenzione e compatibilit\u00e0<\/h3>\n\n\n\n<p>Il <strong>team di sviluppo Flexcon<\/strong> gestisce attivamente la manutenzione e gli aggiornamenti di <strong>Flexcon Helios<\/strong>, garantendo la piena compatibilit\u00e0 con le versioni Long-Term Support (LTS) e gli update pi\u00f9 recenti di FlexSim. Ci\u00f2 garantisce un\u2019integrazione senza interruzioni, elevata affidabilit\u00e0 tecnica e un allineamento costante con l\u2019evoluzione della piattaforma.<\/p>\n\n\n\n<p><a href=\"https:\/\/www.flexcon.it\/it\/contatti\/\" type=\"page\" id=\"3558\" target=\"_blank\" rel=\"noreferrer noopener\">\u00c8 possibile scaricare <strong>Flexcon Helios, <\/strong>registrandosi al portale ufficiale FlexSim per accedere alla sezione <em>Third-Party Modules<\/em> <\/a><a href=\"https:\/\/www.flexcon.it\/it\/contatti\/\" type=\"page\" id=\"3558\">della pagina <em>Downloads<\/em>.<\/a><\/p>\n<\/div><\/div>\n\n\n\n<div class=\"wp-block-group\"><div class=\"wp-block-group__inner-container is-layout-constrained wp-block-group-is-layout-constrained\">\n<hr class=\"wp-block-separator has-alpha-channel-opacity\"\/>\n\n\n\n<hr class=\"wp-block-separator has-alpha-channel-opacity\"\/>\n\n\n\n<p class=\"has-text-align-center has-brand-color has-text-color has-link-color has-medium-font-size wp-elements-f0e63149e2c95470c2a46e06b0f07822\"><a href=\"https:\/\/www.flexcon.it\/it\/contatti\/\" target=\"_blank\" rel=\"noreferrer noopener\"><strong>Contattate Flexcon<\/strong> per informazioni su Helios o per una demo di FlexSim.<\/a><\/p>\n<\/div><\/div>\n\n\n\n<div class=\"wp-block-group wide-xl\"><div class=\"wp-block-group__inner-container is-layout-flow wp-block-group-is-layout-flow\">\n<hr class=\"wp-block-separator has-alpha-channel-opacity\"\/>\n<\/div><\/div>\n\n\n  <\/div>\n<\/section>\n\n\n<section  class=\"section\">\n  <div class=\"section__content wrap\">\n    \n\n<div class=\"wp-block-columns alignwide are-vertically-aligned-center is-layout-flex wp-container-core-columns-is-layout-9d6595d7 wp-block-columns-is-layout-flex\">\n<div class=\"wp-block-column is-vertically-aligned-center is-layout-flow wp-block-column-is-layout-flow\" style=\"flex-basis:100%\">\n<figure class=\"wp-block-image size-large\"><img loading=\"lazy\" decoding=\"async\" width=\"1024\" height=\"372\" src=\"https:\/\/www.flexcon.it\/wp-content\/uploads\/2024\/03\/logo_flexcon-1024x372.png\" alt=\"Logo flexcon\" class=\"wp-image-2579\" srcset=\"https:\/\/www.flexcon.it\/wp-content\/uploads\/2024\/03\/logo_flexcon-1024x372.png 1024w, https:\/\/www.flexcon.it\/wp-content\/uploads\/2024\/03\/logo_flexcon-300x109.png 300w, https:\/\/www.flexcon.it\/wp-content\/uploads\/2024\/03\/logo_flexcon-768x279.png 768w, https:\/\/www.flexcon.it\/wp-content\/uploads\/2024\/03\/logo_flexcon-1536x557.png 1536w, https:\/\/www.flexcon.it\/wp-content\/uploads\/2024\/03\/logo_flexcon-2048x743.png 2048w\" sizes=\"auto, (max-width: 1024px) 100vw, 1024px\" \/><\/figure>\n<\/div>\n<\/div>\n\n\n  <\/div>\n<\/section>\n","protected":false},"author":7,"featured_media":34576,"template":"","class_list":["post-34640","product","type-product","status-publish","has-post-thumbnail","hentry"],"acf":[],"yoast_head":"<!-- This site is optimized with the Yoast SEO plugin v27.4 - https:\/\/yoast.com\/product\/yoast-seo-wordpress\/ -->\n<title>Flexcon Helios<\/title>\n<meta name=\"description\" content=\"Flexcon Helios abilita l&#039;analisi dell&#039;uso energetico, dei costi e delle emissioni, integrandosi completamente nei modelli FlexSim.\" \/>\n<meta name=\"robots\" content=\"index, follow, max-snippet:-1, max-image-preview:large, max-video-preview:-1\" \/>\n<link rel=\"canonical\" href=\"https:\/\/www.flexcon.it\/it\/prodotti\/flexcon-helios-simulazione-energetica\/\" \/>\n<meta property=\"og:locale\" content=\"it_IT\" \/>\n<meta property=\"og:type\" content=\"article\" \/>\n<meta property=\"og:title\" content=\"Flexcon Helios\" \/>\n<meta property=\"og:description\" content=\"Flexcon Helios abilita l&#039;analisi dell&#039;uso energetico, dei costi e delle emissioni, integrandosi completamente nei modelli FlexSim.\" \/>\n<meta property=\"og:url\" content=\"https:\/\/www.flexcon.it\/it\/prodotti\/flexcon-helios-simulazione-energetica\/\" \/>\n<meta property=\"og:site_name\" content=\"Flexcon\" \/>\n<meta property=\"article:modified_time\" content=\"2026-02-27T15:04:27+00:00\" \/>\n<meta property=\"og:image\" content=\"https:\/\/www.flexcon.it\/wp-content\/uploads\/2025\/10\/energy-source-configuration-flexsim-helios.webp\" \/>\n\t<meta property=\"og:image:width\" content=\"1200\" \/>\n\t<meta property=\"og:image:height\" content=\"900\" \/>\n\t<meta property=\"og:image:type\" content=\"image\/webp\" \/>\n<meta name=\"twitter:card\" content=\"summary_large_image\" \/>\n<meta name=\"twitter:label1\" content=\"Est. reading time\" \/>\n\t<meta name=\"twitter:data1\" content=\"4 minutes\" \/>\n<script type=\"application\/ld+json\" class=\"yoast-schema-graph\">{\"@context\":\"https:\\\/\\\/schema.org\",\"@graph\":[{\"@type\":\"WebPage\",\"@id\":\"https:\\\/\\\/www.flexcon.it\\\/it\\\/prodotti\\\/flexcon-helios-simulazione-energetica\\\/\",\"url\":\"https:\\\/\\\/www.flexcon.it\\\/it\\\/prodotti\\\/flexcon-helios-simulazione-energetica\\\/\",\"name\":\"Flexcon Helios\",\"isPartOf\":{\"@id\":\"https:\\\/\\\/www.flexcon.it\\\/it\\\/#website\"},\"primaryImageOfPage\":{\"@id\":\"https:\\\/\\\/www.flexcon.it\\\/it\\\/prodotti\\\/flexcon-helios-simulazione-energetica\\\/#primaryimage\"},\"image\":{\"@id\":\"https:\\\/\\\/www.flexcon.it\\\/it\\\/prodotti\\\/flexcon-helios-simulazione-energetica\\\/#primaryimage\"},\"thumbnailUrl\":\"https:\\\/\\\/www.flexcon.it\\\/wp-content\\\/uploads\\\/2025\\\/10\\\/energy-source-configuration-flexsim-helios.webp\",\"datePublished\":\"2026-02-04T22:59:59+00:00\",\"dateModified\":\"2026-02-27T15:04:27+00:00\",\"description\":\"Flexcon Helios abilita l'analisi dell'uso energetico, dei costi e delle emissioni, integrandosi completamente nei modelli FlexSim.\",\"breadcrumb\":{\"@id\":\"https:\\\/\\\/www.flexcon.it\\\/it\\\/prodotti\\\/flexcon-helios-simulazione-energetica\\\/#breadcrumb\"},\"inLanguage\":\"it\",\"potentialAction\":[{\"@type\":\"ReadAction\",\"target\":[\"https:\\\/\\\/www.flexcon.it\\\/it\\\/prodotti\\\/flexcon-helios-simulazione-energetica\\\/\"]}]},{\"@type\":\"ImageObject\",\"inLanguage\":\"it\",\"@id\":\"https:\\\/\\\/www.flexcon.it\\\/it\\\/prodotti\\\/flexcon-helios-simulazione-energetica\\\/#primaryimage\",\"url\":\"https:\\\/\\\/www.flexcon.it\\\/wp-content\\\/uploads\\\/2025\\\/10\\\/energy-source-configuration-flexsim-helios.webp\",\"contentUrl\":\"https:\\\/\\\/www.flexcon.it\\\/wp-content\\\/uploads\\\/2025\\\/10\\\/energy-source-configuration-flexsim-helios.webp\",\"width\":1200,\"height\":900},{\"@type\":\"BreadcrumbList\",\"@id\":\"https:\\\/\\\/www.flexcon.it\\\/it\\\/prodotti\\\/flexcon-helios-simulazione-energetica\\\/#breadcrumb\",\"itemListElement\":[{\"@type\":\"ListItem\",\"position\":1,\"name\":\"Home\",\"item\":\"https:\\\/\\\/www.flexcon.it\\\/it\\\/\"},{\"@type\":\"ListItem\",\"position\":2,\"name\":\"Prodotti\",\"item\":\"https:\\\/\\\/www.flexcon.it\\\/it\\\/prodotti\\\/\"},{\"@type\":\"ListItem\",\"position\":3,\"name\":\"Flexcon Helios\"}]},{\"@type\":\"WebSite\",\"@id\":\"https:\\\/\\\/www.flexcon.it\\\/it\\\/#website\",\"url\":\"https:\\\/\\\/www.flexcon.it\\\/it\\\/\",\"name\":\"Flexcon\",\"description\":\"\",\"publisher\":{\"@id\":\"https:\\\/\\\/www.flexcon.it\\\/it\\\/#organization\"},\"potentialAction\":[{\"@type\":\"SearchAction\",\"target\":{\"@type\":\"EntryPoint\",\"urlTemplate\":\"https:\\\/\\\/www.flexcon.it\\\/it\\\/?s={search_term_string}\"},\"query-input\":{\"@type\":\"PropertyValueSpecification\",\"valueRequired\":true,\"valueName\":\"search_term_string\"}}],\"inLanguage\":\"it\"},{\"@type\":\"Organization\",\"@id\":\"https:\\\/\\\/www.flexcon.it\\\/it\\\/#organization\",\"name\":\"Flexcon\",\"url\":\"https:\\\/\\\/www.flexcon.it\\\/it\\\/\",\"logo\":{\"@type\":\"ImageObject\",\"inLanguage\":\"it\",\"@id\":\"https:\\\/\\\/www.flexcon.it\\\/it\\\/#\\\/schema\\\/logo\\\/image\\\/\",\"url\":\"https:\\\/\\\/www.flexcon.it\\\/wp-content\\\/uploads\\\/2024\\\/03\\\/logo_flexcon.png\",\"contentUrl\":\"https:\\\/\\\/www.flexcon.it\\\/wp-content\\\/uploads\\\/2024\\\/03\\\/logo_flexcon.png\",\"width\":1408,\"height\":511,\"caption\":\"Flexcon\"},\"image\":{\"@id\":\"https:\\\/\\\/www.flexcon.it\\\/it\\\/#\\\/schema\\\/logo\\\/image\\\/\"},\"sameAs\":[\"https:\\\/\\\/www.linkedin.com\\\/company\\\/flexcon-srl\\\/\",\"https:\\\/\\\/www.youtube.com\\\/@flexcon-srl\"]}]}<\/script>\n<!-- \/ Yoast SEO plugin. -->","yoast_head_json":{"title":"Flexcon Helios","description":"Flexcon Helios abilita l'analisi dell'uso energetico, dei costi e delle emissioni, integrandosi completamente nei modelli FlexSim.","robots":{"index":"index","follow":"follow","max-snippet":"max-snippet:-1","max-image-preview":"max-image-preview:large","max-video-preview":"max-video-preview:-1"},"canonical":"https:\/\/www.flexcon.it\/it\/prodotti\/flexcon-helios-simulazione-energetica\/","og_locale":"it_IT","og_type":"article","og_title":"Flexcon Helios","og_description":"Flexcon Helios abilita l'analisi dell'uso energetico, dei costi e delle emissioni, integrandosi completamente nei modelli FlexSim.","og_url":"https:\/\/www.flexcon.it\/it\/prodotti\/flexcon-helios-simulazione-energetica\/","og_site_name":"Flexcon","article_modified_time":"2026-02-27T15:04:27+00:00","og_image":[{"width":1200,"height":900,"url":"https:\/\/www.flexcon.it\/wp-content\/uploads\/2025\/10\/energy-source-configuration-flexsim-helios.webp","type":"image\/webp"}],"twitter_card":"summary_large_image","twitter_misc":{"Est. reading time":"4 minutes"},"schema":{"@context":"https:\/\/schema.org","@graph":[{"@type":"WebPage","@id":"https:\/\/www.flexcon.it\/it\/prodotti\/flexcon-helios-simulazione-energetica\/","url":"https:\/\/www.flexcon.it\/it\/prodotti\/flexcon-helios-simulazione-energetica\/","name":"Flexcon Helios","isPartOf":{"@id":"https:\/\/www.flexcon.it\/it\/#website"},"primaryImageOfPage":{"@id":"https:\/\/www.flexcon.it\/it\/prodotti\/flexcon-helios-simulazione-energetica\/#primaryimage"},"image":{"@id":"https:\/\/www.flexcon.it\/it\/prodotti\/flexcon-helios-simulazione-energetica\/#primaryimage"},"thumbnailUrl":"https:\/\/www.flexcon.it\/wp-content\/uploads\/2025\/10\/energy-source-configuration-flexsim-helios.webp","datePublished":"2026-02-04T22:59:59+00:00","dateModified":"2026-02-27T15:04:27+00:00","description":"Flexcon Helios abilita l'analisi dell'uso energetico, dei costi e delle emissioni, integrandosi completamente nei modelli FlexSim.","breadcrumb":{"@id":"https:\/\/www.flexcon.it\/it\/prodotti\/flexcon-helios-simulazione-energetica\/#breadcrumb"},"inLanguage":"it","potentialAction":[{"@type":"ReadAction","target":["https:\/\/www.flexcon.it\/it\/prodotti\/flexcon-helios-simulazione-energetica\/"]}]},{"@type":"ImageObject","inLanguage":"it","@id":"https:\/\/www.flexcon.it\/it\/prodotti\/flexcon-helios-simulazione-energetica\/#primaryimage","url":"https:\/\/www.flexcon.it\/wp-content\/uploads\/2025\/10\/energy-source-configuration-flexsim-helios.webp","contentUrl":"https:\/\/www.flexcon.it\/wp-content\/uploads\/2025\/10\/energy-source-configuration-flexsim-helios.webp","width":1200,"height":900},{"@type":"BreadcrumbList","@id":"https:\/\/www.flexcon.it\/it\/prodotti\/flexcon-helios-simulazione-energetica\/#breadcrumb","itemListElement":[{"@type":"ListItem","position":1,"name":"Home","item":"https:\/\/www.flexcon.it\/it\/"},{"@type":"ListItem","position":2,"name":"Prodotti","item":"https:\/\/www.flexcon.it\/it\/prodotti\/"},{"@type":"ListItem","position":3,"name":"Flexcon Helios"}]},{"@type":"WebSite","@id":"https:\/\/www.flexcon.it\/it\/#website","url":"https:\/\/www.flexcon.it\/it\/","name":"Flexcon","description":"","publisher":{"@id":"https:\/\/www.flexcon.it\/it\/#organization"},"potentialAction":[{"@type":"SearchAction","target":{"@type":"EntryPoint","urlTemplate":"https:\/\/www.flexcon.it\/it\/?s={search_term_string}"},"query-input":{"@type":"PropertyValueSpecification","valueRequired":true,"valueName":"search_term_string"}}],"inLanguage":"it"},{"@type":"Organization","@id":"https:\/\/www.flexcon.it\/it\/#organization","name":"Flexcon","url":"https:\/\/www.flexcon.it\/it\/","logo":{"@type":"ImageObject","inLanguage":"it","@id":"https:\/\/www.flexcon.it\/it\/#\/schema\/logo\/image\/","url":"https:\/\/www.flexcon.it\/wp-content\/uploads\/2024\/03\/logo_flexcon.png","contentUrl":"https:\/\/www.flexcon.it\/wp-content\/uploads\/2024\/03\/logo_flexcon.png","width":1408,"height":511,"caption":"Flexcon"},"image":{"@id":"https:\/\/www.flexcon.it\/it\/#\/schema\/logo\/image\/"},"sameAs":["https:\/\/www.linkedin.com\/company\/flexcon-srl\/","https:\/\/www.youtube.com\/@flexcon-srl"]}]}},"_links":{"self":[{"href":"https:\/\/www.flexcon.it\/it\/wp-json\/wp\/v2\/product\/34640","targetHints":{"allow":["GET"]}}],"collection":[{"href":"https:\/\/www.flexcon.it\/it\/wp-json\/wp\/v2\/product"}],"about":[{"href":"https:\/\/www.flexcon.it\/it\/wp-json\/wp\/v2\/types\/product"}],"author":[{"embeddable":true,"href":"https:\/\/www.flexcon.it\/it\/wp-json\/wp\/v2\/users\/7"}],"wp:featuredmedia":[{"embeddable":true,"href":"https:\/\/www.flexcon.it\/it\/wp-json\/wp\/v2\/media\/34576"}],"wp:attachment":[{"href":"https:\/\/www.flexcon.it\/it\/wp-json\/wp\/v2\/media?parent=34640"}],"curies":[{"name":"wp","href":"https:\/\/api.w.org\/{rel}","templated":true}]}}